{"id":84,"date":"2025-01-16T22:55:48","date_gmt":"2025-01-16T22:55:48","guid":{"rendered":"https:\/\/dcvm.ca\/?page_id=84"},"modified":"2025-01-16T23:13:49","modified_gmt":"2025-01-16T23:13:49","slug":"faq-loi-sur-les-fabriques","status":"publish","type":"page","link":"https:\/\/staging.dcvm.ca\/index.php\/faq-loi-sur-les-fabriques\/","title":{"rendered":"FAQ-Loi sur les fabriques"},"content":{"rendered":"<p>Vous \u00eates marguiller ou marguill\u00e8re? Vous avez des questions touchant le fonctionnement de votre paroisse, de votre fabrique? Tapez vos questions ci-dessous en langage naturel!<\/p>\n<p>Les r\u00e9ponses sont tir\u00e9es exclusivement:<br \/>-de la Loi sur les fabriques, RLRQ c. F-1;<br \/>-du cahier des marguillers du Dioc\u00e8se de Qu\u00e9bec.<\/p>\n<!-- Widget JavaScript bundle -->\n<script src=\"https:\/\/cloud.google.com\/ai\/gen-app-builder\/client?hl=fr\"><\/script>\n\n<!-- Search widget element is not visible by default -->\n<gen-search-widget\n  configId=\"fa98324d-89ff-40aa-a122-91c38b509c24\"\n  triggerId=\"searchWidgetTrigger\">\n<\/gen-search-widget>\n\n<!-- Element that opens the widget on click. It does not have to be an input -->\n<input placeholder=\"Saisissez votre recherche ici\" id=\"searchWidgetTrigger\" \/>\n<p>\u00a0<\/p>\n\n\n<p><\/p>\n","protected":false},"excerpt":{"rendered":"<p>Vous \u00eates marguiller ou marguill\u00e8re? Vous avez des questions touchant le fonctionnement de votre paroisse, de votre fabrique? Tapez vos questions ci-dessous en langage naturel! Les r\u00e9ponses sont tir\u00e9es exclusivement:-de la Loi sur les fabriques, RLRQ c. F-1;-du cahier des marguillers du Dioc\u00e8se de Qu\u00e9bec. \u00a0<\/p>\n","protected":false},"author":1,"featured_media":0,"parent":0,"menu_order":0,"comment_status":"closed","ping_status":"closed","template":"","meta":{"pmpro_default_level":"","site-sidebar-layout":"default","site-content-layout":"","ast-site-content-layout":"default","site-content-style":"default","site-sidebar-style":"default","ast-global-header-display":"","ast-banner-title-visibility":"","ast-main-header-display":"","ast-hfb-above-header-display":"","ast-hfb-below-header-display":"","ast-hfb-mobile-header-display":"","site-post-title":"","ast-breadcrumbs-content":"","ast-featured-img":"","footer-sml-layout":"","theme-transparent-header-meta":"","adv-header-id-meta":"","stick-header-meta":"","header-above-stick-meta":"","header-main-stick-meta":"","header-below-stick-meta":"","astra-migrate-meta-layouts":"set","ast-page-background-enabled":"default","ast-page-background-meta":{"desktop":{"background-color":"var(--ast-global-color-4)","background-image":"","background-repeat":"repeat","background-position":"center center","background-size":"auto","background-attachment":"scroll","background-type":"","background-media":"","overlay-type":"","overlay-color":"","overlay-gradient":""},"tablet":{"background-color":"","background-image":"","background-repeat":"repeat","background-position":"center center","background-size":"auto","background-attachment":"scroll","background-type":"","background-media":"","overlay-type":"","overlay-color":"","overlay-gradient":""},"mobile":{"background-color":"","background-image":"","background-repeat":"repeat","background-position":"center center","background-size":"auto","background-attachment":"scroll","background-type":"","background-media":"","overlay-type":"","overlay-color":"","overlay-gradient":""}},"ast-content-background-meta":{"desktop":{"background-color":"var(--ast-global-color-5)","background-image":"","background-repeat":"repeat","background-position":"center center","background-size":"auto","background-attachment":"scroll","background-type":"","background-media":"","overlay-type":"","overlay-color":"","overlay-gradient":""},"tablet":{"background-color":"var(--ast-global-color-5)","background-image":"","background-repeat":"repeat","background-position":"center center","background-size":"auto","background-attachment":"scroll","background-type":"","background-media":"","overlay-type":"","overlay-color":"","overlay-gradient":""},"mobile":{"background-color":"var(--ast-global-color-5)","background-image":"","background-repeat":"repeat","background-position":"center center","background-size":"auto","background-attachment":"scroll","background-type":"","background-media":"","overlay-type":"","overlay-color":"","overlay-gradient":""}},"footnotes":""},"class_list":["post-84","page","type-page","status-publish","hentry","pmpro-has-access"],"_links":{"self":[{"href":"https:\/\/staging.dcvm.ca\/index.php\/wp-json\/wp\/v2\/pages\/84","targetHints":{"allow":["GET"]}}],"collection":[{"href":"https:\/\/staging.dcvm.ca\/index.php\/wp-json\/wp\/v2\/pages"}],"about":[{"href":"https:\/\/staging.dcvm.ca\/index.php\/wp-json\/wp\/v2\/types\/page"}],"author":[{"embeddable":true,"href":"https:\/\/staging.dcvm.ca\/index.php\/wp-json\/wp\/v2\/users\/1"}],"replies":[{"embeddable":true,"href":"https:\/\/staging.dcvm.ca\/index.php\/wp-json\/wp\/v2\/comments?post=84"}],"version-history":[{"count":9,"href":"https:\/\/staging.dcvm.ca\/index.php\/wp-json\/wp\/v2\/pages\/84\/revisions"}],"predecessor-version":[{"id":96,"href":"https:\/\/staging.dcvm.ca\/index.php\/wp-json\/wp\/v2\/pages\/84\/revisions\/96"}],"wp:attachment":[{"href":"https:\/\/staging.dcvm.ca\/index.php\/wp-json\/wp\/v2\/media?parent=84"}],"curies":[{"name":"wp","href":"https:\/\/api.w.org\/{rel}","templated":true}]}}